{"id":87,"date":"2020-03-24T13:10:16","date_gmt":"2020-03-24T12:10:16","guid":{"rendered":"http:\/\/poulpe-fiction.ch\/?page_id=87"},"modified":"2020-04-26T16:31:27","modified_gmt":"2020-04-26T14:31:27","slug":"en-confinement-ecrivez","status":"publish","type":"page","link":"https:\/\/poulpe-fiction.ch\/index.php\/en-confinement-ecrivez\/","title":{"rendered":"En confinement? Ecrivez!"},"content":{"rendered":"<p>Ch\u00e8res et chers ami.e.s de Poulpe Fiction,<\/p>\n<p>En cette p\u00e9riode de confinement, certain.e.s d&rsquo;entre vous ont peut-\u00eatre l&rsquo;envie et le temps d&rsquo;\u00e9crire, sans toujours savoir par o\u00f9 commencer. C&rsquo;est pourquoi je vous propose&nbsp;<strong>un \u00ab\u00a0atelier\u00a0\u00bb \u00e0 distance et informel<\/strong>, avec une s\u00e9lection d&rsquo;exercices \u00e0 r\u00e9aliser comme bon vous semble.<\/p>\n<p><strong>Le principe est simple:<\/strong>&nbsp;chaque lundi, je d\u00e9pose <a href=\"http:\/\/poulpe-fiction.ch\/wp-content\/uploads\/2020\/04\/PF_EcritureConfinement6.pdf\">ici<\/a>&nbsp;des propositions d&rsquo;exercices et des extraits de textes. Du papier, un stylo ou un ordinateur et il ne reste plus qu&rsquo;\u00e0 \u00e9crire!<\/p>\n<p>Par mail \u00e0 <a href=\"mailto:info@poulpe-fiction.ch\">info@poulpe-fiction.ch<\/a>, vous pouvez ensuite me transmettre vos textes et les retrouver avec ceux d&rsquo;autres participants sur <a href=\"http:\/\/poulpe-fiction.ch\/index.php\/category\/en-confinement\/\">cette page<\/a>.<\/p>\n\n\n<div style=\"height:35px\" aria-hidden=\"true\" class=\"wp-block-spacer\"><\/div>\n\n\n\n<h3 class=\"wp-block-heading\">Cette semaine avec Poulpe Fiction, exag\u00e8re<\/h3>\n\n\n\n<p>Dans quelques ann\u00e9es, il faudra raconter la pand\u00e9mie de 2020 aux g\u00e9n\u00e9rations suivantes. Et si on en rajoutait un peu ?<\/p>\n\n\n\n<div style=\"height:37px\" aria-hidden=\"true\" class=\"wp-block-spacer\"><\/div>\n\n\n\n<p>T\u00e9l\u00e9chargez <a href=\"http:\/\/poulpe-fiction.ch\/wp-content\/uploads\/2020\/04\/PF_EcritureConfinement6.pdf\">ici les exercices de la semaine 6<\/a><\/p>\n\n\n\n<p>Si vous les avez manqu\u00e9s, retrouvez ici <a href=\"http:\/\/poulpe-fiction.ch\/wp-content\/uploads\/2020\/03\/PF_EcritureConfinement1.pdf\">les exercices de la semaine 1<\/a>, ici <a href=\"http:\/\/poulpe-fiction.ch\/wp-content\/uploads\/2020\/03\/PF_EcritureConfinement2.pdf\">les exercices de la semaine 2<\/a>, l\u00e0 <a href=\"http:\/\/poulpe-fiction.ch\/wp-content\/uploads\/2020\/04\/PF_EcritureConfinement3.pdf\">les exercices de la semaine 3<\/a>, l\u00e0 <a href=\"http:\/\/poulpe-fiction.ch\/wp-content\/uploads\/2020\/04\/PF_EcritureConfinement4.pdf\">les exercices de la semaine 4<\/a> et ici <a href=\"http:\/\/poulpe-fiction.ch\/wp-content\/uploads\/2020\/04\/PF_EcritureConfinement5.pdf\">ceux de la semaine 5.<\/a><\/p>\n\n\n\n<div style=\"height:20px\" aria-hidden=\"true\" class=\"wp-block-spacer\"><\/div>\n\n\n\n<p><br>En attendant de vous lire, j&rsquo;esp\u00e8re que vous et vos proches allez bien!<\/p>\n\n\n\n<p>Louise<\/p>\n","protected":false},"excerpt":{"rendered":"<p>Ch\u00e8res et chers ami.e.s de Poulpe Fiction, En cette p\u00e9riode de confinement, certain.e.s d&rsquo;entre vous ont peut-\u00eatre l&rsquo;envie et le temps d&rsquo;\u00e9crire, sans toujours savoir par o\u00f9 commencer. C&rsquo;est pourquoi je vous propose&nbsp;un \u00ab\u00a0atelier\u00a0\u00bb \u00e0 distance et informel, avec une s\u00e9lection d&rsquo;exercices \u00e0 r\u00e9aliser comme bon vous semble. Le principe est simple:&nbsp;chaque lundi, je d\u00e9pose [&hellip;]<\/p>\n","protected":false},"author":1,"featured_media":0,"parent":0,"menu_order":0,"comment_status":"closed","ping_status":"closed","template":"","meta":{"_themeisle_gutenberg_block_has_review":false,"jetpack_post_was_ever_published":false,"footnotes":""},"jetpack_sharing_enabled":true,"jetpack_shortlink":"https:\/\/wp.me\/P94276-1p","jetpack-related-posts":[{"id":14,"url":"https:\/\/poulpe-fiction.ch\/index.php\/un-apercu\/","url_meta":{"origin":87,"position":0},"title":"Un aper\u00e7u","author":"admin9166","date":"11 avril 2018","format":false,"excerpt":"De nature prudente, vous aimez avoir un aper\u00e7u des profondeurs avant de vous jeter \u00e0 l'eau? Poulpe Fiction vous d\u00e9voile quelques exercices d'\u00e9criture sur lesquels vous pourriez \u00eatre amen\u00e9 \u00e0 tester votre jet d'encre: Chambre d'\u00e9chos: une mise en jambe po\u00e9tique. A voix haute, chacun lit au hasard un vers\u2026","rel":"","context":"Article similaire","block_context":{"text":"Article similaire","link":""},"img":{"alt_text":"","src":"https:\/\/i0.wp.com\/poulpe-fiction.ch\/wp-content\/uploads\/2018\/04\/atelierPF-1024x768.jpg?resize=350%2C200&ssl=1","width":350,"height":200,"srcset":"https:\/\/i0.wp.com\/poulpe-fiction.ch\/wp-content\/uploads\/2018\/04\/atelierPF-1024x768.jpg?resize=350%2C200&ssl=1 1x, https:\/\/i0.wp.com\/poulpe-fiction.ch\/wp-content\/uploads\/2018\/04\/atelierPF-1024x768.jpg?resize=525%2C300&ssl=1 1.5x, https:\/\/i0.wp.com\/poulpe-fiction.ch\/wp-content\/uploads\/2018\/04\/atelierPF-1024x768.jpg?resize=700%2C400&ssl=1 2x"},"classes":[]},{"id":2,"url":"https:\/\/poulpe-fiction.ch\/index.php\/ateliers\/","url_meta":{"origin":87,"position":1},"title":"Ateliers d&rsquo;\u00e9criture cr\u00e9ative","author":"admin9166","date":"11 avril 2018","format":false,"excerpt":"Les ateliers d'\u00e9criture Poulpe Fiction font couler de l'encre: jetez-vous \u00e0 l'eau etparticipez \u00e0 l'un de nos ateliers th\u00e9matiques ou demandez un accompagnement sur mesure! Ateliers sur inscription En raison d'ateliers men\u00e9s au sein d'institutions, aucun atelier public n'est pr\u00e9vu actuellement. Les ateliers sur-mesure sont encore disponibles (voir colonne de\u2026","rel":"","context":"Article similaire","block_context":{"text":"Article similaire","link":""},"img":{"alt_text":"","src":"https:\/\/i0.wp.com\/poulpe-fiction.ch\/wp-content\/uploads\/2024\/10\/poulpetampon-final-removebg-preview-2.png?resize=350%2C200&ssl=1","width":350,"height":200},"classes":[]},{"id":12,"url":"https:\/\/poulpe-fiction.ch\/index.php\/contact\/","url_meta":{"origin":87,"position":2},"title":"Contact","author":"admin9166","date":"11 avril 2018","format":false,"excerpt":"Louise Bonsack contact@louisebonsack.ch Lausanne, Suisse www.louisebonsack.ch Suivre toute mon actualit\u00e9: Nom* Email* Message Envoyer Louise Bonsack et les ateliers Poulpe Fiction Avec les ateliers Poulpe Fiction, je partage ma passion pour les mots et la litt\u00e9rature. Tout comme dans mon m\u00e9tier d'enseignante au gymnase, mais un tentacule de folie en\u2026","rel":"","context":"Article similaire","block_context":{"text":"Article similaire","link":""},"img":{"alt_text":"","src":"https:\/\/i0.wp.com\/poulpe-fiction.ch\/wp-content\/uploads\/2024\/10\/portraitLB-scaled.jpg?resize=350%2C200&ssl=1","width":350,"height":200,"srcset":"https:\/\/i0.wp.com\/poulpe-fiction.ch\/wp-content\/uploads\/2024\/10\/portraitLB-scaled.jpg?resize=350%2C200&ssl=1 1x, https:\/\/i0.wp.com\/poulpe-fiction.ch\/wp-content\/uploads\/2024\/10\/portraitLB-scaled.jpg?resize=525%2C300&ssl=1 1.5x, https:\/\/i0.wp.com\/poulpe-fiction.ch\/wp-content\/uploads\/2024\/10\/portraitLB-scaled.jpg?resize=700%2C400&ssl=1 2x, https:\/\/i0.wp.com\/poulpe-fiction.ch\/wp-content\/uploads\/2024\/10\/portraitLB-scaled.jpg?resize=1050%2C600&ssl=1 3x, https:\/\/i0.wp.com\/poulpe-fiction.ch\/wp-content\/uploads\/2024\/10\/portraitLB-scaled.jpg?resize=1400%2C800&ssl=1 4x"},"classes":[]},{"id":387,"url":"https:\/\/poulpe-fiction.ch\/index.php\/page-de-contact\/","url_meta":{"origin":87,"position":3},"title":"Page de contact","author":"admin9166","date":"16 octobre 2024","format":false,"excerpt":"Entrez en contact","rel":"","context":"Article similaire","block_context":{"text":"Article similaire","link":""},"img":{"alt_text":"","src":"","width":0,"height":0},"classes":[]},{"id":39,"url":"https:\/\/poulpe-fiction.ch\/index.php\/sinscrire\/","url_meta":{"origin":87,"position":4},"title":"S&rsquo;inscrire","author":"admin9166","date":"11 avril 2018","format":false,"excerpt":"Les inscriptions pour les ateliers de juin sont ouvertes!","rel":"","context":"Article similaire","block_context":{"text":"Article similaire","link":""},"img":{"alt_text":"","src":"","width":0,"height":0},"classes":[]}],"_links":{"self":[{"href":"https:\/\/poulpe-fiction.ch\/index.php\/wp-json\/wp\/v2\/pages\/87"}],"collection":[{"href":"https:\/\/poulpe-fiction.ch\/index.php\/wp-json\/wp\/v2\/pages"}],"about":[{"href":"https:\/\/poulpe-fiction.ch\/index.php\/wp-json\/wp\/v2\/types\/page"}],"author":[{"embeddable":true,"href":"https:\/\/poulpe-fiction.ch\/index.php\/wp-json\/wp\/v2\/users\/1"}],"replies":[{"embeddable":true,"href":"https:\/\/poulpe-fiction.ch\/index.php\/wp-json\/wp\/v2\/comments?post=87"}],"version-history":[{"count":15,"href":"https:\/\/poulpe-fiction.ch\/index.php\/wp-json\/wp\/v2\/pages\/87\/revisions"}],"predecessor-version":[{"id":293,"href":"https:\/\/poulpe-fiction.ch\/index.php\/wp-json\/wp\/v2\/pages\/87\/revisions\/293"}],"wp:attachment":[{"href":"https:\/\/poulpe-fiction.ch\/index.php\/wp-json\/wp\/v2\/media?parent=87"}],"curies":[{"name":"wp","href":"https:\/\/api.w.org\/{rel}","templated":true}]}}