{"id":387,"date":"2024-10-16T17:25:39","date_gmt":"2024-10-16T15:25:39","guid":{"rendered":"http:\/\/poulpe-fiction.ch\/index.php\/page-de-contact\/"},"modified":"2024-10-16T17:25:39","modified_gmt":"2024-10-16T15:25:39","slug":"page-de-contact","status":"publish","type":"page","link":"https:\/\/poulpe-fiction.ch\/index.php\/page-de-contact\/","title":{"rendered":"Page de contact"},"content":{"rendered":"\n<div class=\"wp-block-group alignfull has-raft-bg-alt-background-color has-background is-layout-constrained wp-block-group-is-layout-constrained\" style=\"margin-top:0;margin-bottom:0;padding-top:var(--wp--preset--spacing--80);padding-right:var(--wp--preset--spacing--40);padding-bottom:var(--wp--preset--spacing--80);padding-left:var(--wp--preset--spacing--40)\">\n    \n    <h1 class=\"wp-block-heading alignwide has-text-align-center\">Entrez en contact<\/h1>\n    \n<\/div>\n\n\n\n\t\t\n\t\t<div class=\"wp-block-group alignfull is-layout-constrained wp-container-15 wp-block-group-is-layout-constrained\" style=\"margin-top:0px;margin-bottom:0px;padding-top:var(--wp--preset--spacing--80);padding-right:var(--wp--preset--spacing--40);padding-bottom:var(--wp--preset--spacing--80);padding-left:var(--wp--preset--spacing--40)\">\n\t\t\t\n\t\t\t<div class=\"wp-block-group alignwide is-layout-flow wp-container-14 wp-block-group-is-layout-flow\">\n\t\t\t\t\n\t\t\t\t<div class=\"wp-block-group is-layout-constrained wp-block-group-is-layout-constrained\">\n\t\t\t\t\t\n\t\t\t\t\t<figure class=\"wp-block-image alignwide\">\n\t\t\t\t\t\t<img decoding=\"async\" src=\"https:\/\/poulpe-fiction.ch\/wp-content\/themes\/raft\/assets\/img\/raft-cover-bg.svg\" alt=\"\" class=\"wp-image-281\"\/>\n\t\t\t\t\t<\/figure>\n\t\t\t\t\t\n\t\t\t\t<\/div>\n\t\t\t\t\n\n\t\t\t\t\n\t\t\t\t<div class=\"wp-block-group alignfull is-layout-constrained wp-container-13 wp-block-group-is-layout-constrained\" style=\"padding-top:0;padding-right:0;padding-bottom:0;padding-left:0\">\n\t\t\t\t\t\n\t\t\t\t\t<div class=\"wp-block-group alignwide is-layout-flow wp-block-group-is-layout-flow\">\n\t\t\t\t\t\t\n\t\t\t\t\t\t<div class=\"wp-block-columns is-layout-flex wp-container-11 wp-block-columns-is-layout-flex\">\n\t\t\t\t\t\t\t\n\t\t\t\t\t\t\t<div class=\"wp-block-column is-vertically-aligned-center is-layout-flow wp-block-column-is-layout-flow\">\n\t\t\t\t\t\t\t\t\n\t\t\t\t\t\t\t\t<div class=\"wp-block-group is-content-justification-left is-layout-constrained wp-container-4 wp-block-group-is-layout-constrained\" style=\"border-radius:5px;padding-top:0;padding-right:0;padding-bottom:0;padding-left:0\">\n\t\t\t\t\t\t\t\t\t\n\t\t\t\t\t\t\t\t\t<h2 class=\"wp-block-heading has-text-align-left\">Coordonn\u00e9es de contact<\/h2>\n\t\t\t\t\t\t\t\t\t\n\n\t\t\t\t\t\t\t\t\t\n\t\t\t\t\t\t\t\t\t<p>Une courte description de la section<\/p>\n\t\t\t\t\t\t\t\t\t\n\n\t\t\t\t\t\t\t\t\t\n\t\t\t\t\t\t\t\t\t<hr class=\"wp-block-separator has-text-color has-raft-accent-color has-alpha-channel-opacity has-raft-accent-background-color has-background\"\/>\n\t\t\t\t\t\t\t\t\t\n\n\t\t\t\t\t\t\t\t\t\n\t\t\t\t\t\t\t\t\t<p class=\"has-small-font-size\" style=\"font-style:normal;font-weight:600;letter-spacing:2px;text-transform:uppercase\">Suivez nous<\/p>\n\t\t\t\t\t\t\t\t\t\n\n\t\t\t\t\t\t\t\t\t\n\t\t\t\t\t\t\t\t\t<ul class=\"wp-block-social-links has-large-icon-size is-layout-flex wp-block-social-links-is-layout-flex\">\n\t\t\t\t\t\t\t\t\t\t<li class=\"wp-social-link wp-social-link-wordpress  wp-block-social-link\"><a href=\"https:\/\/#\" class=\"wp-block-social-link-anchor\"><svg width=\"24\" height=\"24\" viewBox=\"0 0 24 24\" version=\"1.1\" xmlns=\"http:\/\/www.w3.org\/2000\/svg\" aria-hidden=\"true\" focusable=\"false\"><path d=\"M12.158,12.786L9.46,20.625c0.806,0.237,1.657,0.366,2.54,0.366c1.047,0,2.051-0.181,2.986-0.51 c-0.024-0.038-0.046-0.079-0.065-0.124L12.158,12.786z M3.009,12c0,3.559,2.068,6.634,5.067,8.092L3.788,8.341 C3.289,9.459,3.009,10.696,3.009,12z M18.069,11.546c0-1.112-0.399-1.881-0.741-2.48c-0.456-0.741-0.883-1.368-0.883-2.109 c0-0.826,0.627-1.596,1.51-1.596c0.04,0,0.078,0.005,0.116,0.007C16.472,3.904,14.34,3.009,12,3.009 c-3.141,0-5.904,1.612-7.512,4.052c0.211,0.007,0.41,0.011,0.579,0.011c0.94,0,2.396-0.114,2.396-0.114 C7.947,6.93,8.004,7.642,7.52,7.699c0,0-0.487,0.057-1.029,0.085l3.274,9.739l1.968-5.901l-1.401-3.838 C9.848,7.756,9.389,7.699,9.389,7.699C8.904,7.67,8.961,6.93,9.446,6.958c0,0,1.484,0.114,2.368,0.114 c0.94,0,2.397-0.114,2.397-0.114c0.485-0.028,0.542,0.684,0.057,0.741c0,0-0.488,0.057-1.029,0.085l3.249,9.665l0.897-2.996 C17.841,13.284,18.069,12.316,18.069,11.546z M19.889,7.686c0.039,0.286,0.06,0.593,0.06,0.924c0,0.912-0.171,1.938-0.684,3.22 l-2.746,7.94c2.673-1.558,4.47-4.454,4.47-7.771C20.991,10.436,20.591,8.967,19.889,7.686z M12,22C6.486,22,2,17.514,2,12 C2,6.486,6.486,2,12,2c5.514,0,10,4.486,10,10C22,17.514,17.514,22,12,22z\"><\/path><\/svg><span class=\"wp-block-social-link-label screen-reader-text\">WordPress<\/span><\/a><\/li>\n\t\t\t\t\t\t\t\t\t\t<li class=\"wp-social-link wp-social-link-instagram  wp-block-social-link\"><a href=\"https:\/\/#\" class=\"wp-block-social-link-anchor\"><svg width=\"24\" height=\"24\" viewBox=\"0 0 24 24\" version=\"1.1\" xmlns=\"http:\/\/www.w3.org\/2000\/svg\" aria-hidden=\"true\" focusable=\"false\"><path d=\"M12,4.622c2.403,0,2.688,0.009,3.637,0.052c0.877,0.04,1.354,0.187,1.671,0.31c0.42,0.163,0.72,0.358,1.035,0.673 c0.315,0.315,0.51,0.615,0.673,1.035c0.123,0.317,0.27,0.794,0.31,1.671c0.043,0.949,0.052,1.234,0.052,3.637 s-0.009,2.688-0.052,3.637c-0.04,0.877-0.187,1.354-0.31,1.671c-0.163,0.42-0.358,0.72-0.673,1.035 c-0.315,0.315-0.615,0.51-1.035,0.673c-0.317,0.123-0.794,0.27-1.671,0.31c-0.949,0.043-1.233,0.052-3.637,0.052 s-2.688-0.009-3.637-0.052c-0.877-0.04-1.354-0.187-1.671-0.31c-0.42-0.163-0.72-0.358-1.035-0.673 c-0.315-0.315-0.51-0.615-0.673-1.035c-0.123-0.317-0.27-0.794-0.31-1.671C4.631,14.688,4.622,14.403,4.622,12 s0.009-2.688,0.052-3.637c0.04-0.877,0.187-1.354,0.31-1.671c0.163-0.42,0.358-0.72,0.673-1.035 c0.315-0.315,0.615-0.51,1.035-0.673c0.317-0.123,0.794-0.27,1.671-0.31C9.312,4.631,9.597,4.622,12,4.622 M12,3 C9.556,3,9.249,3.01,8.289,3.054C7.331,3.098,6.677,3.25,6.105,3.472C5.513,3.702,5.011,4.01,4.511,4.511 c-0.5,0.5-0.808,1.002-1.038,1.594C3.25,6.677,3.098,7.331,3.054,8.289C3.01,9.249,3,9.556,3,12c0,2.444,0.01,2.751,0.054,3.711 c0.044,0.958,0.196,1.612,0.418,2.185c0.23,0.592,0.538,1.094,1.038,1.594c0.5,0.5,1.002,0.808,1.594,1.038 c0.572,0.222,1.227,0.375,2.185,0.418C9.249,20.99,9.556,21,12,21s2.751-0.01,3.711-0.054c0.958-0.044,1.612-0.196,2.185-0.418 c0.592-0.23,1.094-0.538,1.594-1.038c0.5-0.5,0.808-1.002,1.038-1.594c0.222-0.572,0.375-1.227,0.418-2.185 C20.99,14.751,21,14.444,21,12s-0.01-2.751-0.054-3.711c-0.044-0.958-0.196-1.612-0.418-2.185c-0.23-0.592-0.538-1.094-1.038-1.594 c-0.5-0.5-1.002-0.808-1.594-1.038c-0.572-0.222-1.227-0.375-2.185-0.418C14.751,3.01,14.444,3,12,3L12,3z M12,7.378 c-2.552,0-4.622,2.069-4.622,4.622S9.448,16.622,12,16.622s4.622-2.069,4.622-4.622S14.552,7.378,12,7.378z M12,15 c-1.657,0-3-1.343-3-3s1.343-3,3-3s3,1.343,3,3S13.657,15,12,15z M16.804,6.116c-0.596,0-1.08,0.484-1.08,1.08 s0.484,1.08,1.08,1.08c0.596,0,1.08-0.484,1.08-1.08S17.401,6.116,16.804,6.116z\"><\/path><\/svg><span class=\"wp-block-social-link-label screen-reader-text\">Instagram<\/span><\/a><\/li>\n\t\t\t\t\t\t\t\t\t\t<li class=\"wp-social-link wp-social-link-x  wp-block-social-link\"><a href=\"https:\/\/#\" class=\"wp-block-social-link-anchor\"><svg width=\"24\" height=\"24\" xmlns=\"http:\/\/www.w3.org\/2000\/svg\" viewBox=\"0 0 24 24\"><path d=\"M9 11.8l6.1-4.5c.1.4.4.7.9.7h2c.6 0 1-.4 1-1V5c0-.6-.4-1-1-1h-2c-.6 0-1 .4-1 1v.4l-6.4 4.8c-.2-.1-.4-.2-.6-.2H6c-.6 0-1 .4-1 1v2c0 .6.4 1 1 1h2c.2 0 .4-.1.6-.2l6.4 4.8v.4c0 .6.4 1 1 1h2c.6 0 1-.4 1-1v-2c0-.6-.4-1-1-1h-2c-.5 0-.8.3-.9.7L9 12.2v-.4z\"\/><\/svg><span class=\"wp-block-social-link-label screen-reader-text\">Share Icon<\/span><\/a><\/li>\n\t\t\t\t\t\t\t\t\t\t<li class=\"wp-social-link wp-social-link-linkedin  wp-block-social-link\"><a href=\"https:\/\/#\" class=\"wp-block-social-link-anchor\"><svg width=\"24\" height=\"24\" viewBox=\"0 0 24 24\" version=\"1.1\" xmlns=\"http:\/\/www.w3.org\/2000\/svg\" aria-hidden=\"true\" focusable=\"false\"><path d=\"M19.7,3H4.3C3.582,3,3,3.582,3,4.3v15.4C3,20.418,3.582,21,4.3,21h15.4c0.718,0,1.3-0.582,1.3-1.3V4.3 C21,3.582,20.418,3,19.7,3z M8.339,18.338H5.667v-8.59h2.672V18.338z M7.004,8.574c-0.857,0-1.549-0.694-1.549-1.548 c0-0.855,0.691-1.548,1.549-1.548c0.854,0,1.547,0.694,1.547,1.548C8.551,7.881,7.858,8.574,7.004,8.574z M18.339,18.338h-2.669 v-4.177c0-0.996-0.017-2.278-1.387-2.278c-1.389,0-1.601,1.086-1.601,2.206v4.249h-2.667v-8.59h2.559v1.174h0.037 c0.356-0.675,1.227-1.387,2.526-1.387c2.703,0,3.203,1.779,3.203,4.092V18.338z\"><\/path><\/svg><span class=\"wp-block-social-link-label screen-reader-text\">LinkedIn<\/span><\/a><\/li>\n\t\t\t\t\t\t\t\t\t<\/ul>\n\t\t\t\t\t\t\t\t\t\n\t\t\t\t\t\t\t\t<\/div>\n\t\t\t\t\t\t\t\t\n\t\t\t\t\t\t\t<\/div>\n\t\t\t\t\t\t\t\n\n\t\t\t\t\t\t\t\n\t\t\t\t\t\t\t<div class=\"wp-block-column is-vertically-aligned-top has-raft-bg-alt-background-color has-background is-layout-flow wp-block-column-is-layout-flow\" style=\"padding-top:var(--wp--preset--spacing--60);padding-right:var(--wp--preset--spacing--60);padding-bottom:var(--wp--preset--spacing--60);padding-left:var(--wp--preset--spacing--60)\">\n\t\t\t\t\t\t\t\t\n\t\t\t\t\t\t\t\t<div class=\"wp-block-group is-content-justification-left is-layout-constrained wp-container-9 wp-block-group-is-layout-constrained\">\n\t\t\t\t\t\t\t\t\t\n\t\t\t\t\t\t\t\t\t<div class=\"wp-block-group is-content-justification-space-between is-layout-flex wp-container-6 wp-block-group-is-layout-flex\">\n\t\t\t\t\t\t\t\t\t\t\n\t\t\t\t\t\t\t\t\t\t<p class=\"has-small-font-size\" style=\"font-style:normal;font-weight:600;letter-spacing:2px;text-transform:uppercase\">Sous-titre<\/p>\n\t\t\t\t\t\t\t\t\t\t\n\n\t\t\t\t\t\t\t\t\t\t\n\t\t\t\t\t\t\t\t\t\t<p>Exemple de coordonn\u00e9es de contact<\/p>\n\t\t\t\t\t\t\t\t\t\t\n\t\t\t\t\t\t\t\t\t<\/div>\n\t\t\t\t\t\t\t\t\t\n\n\t\t\t\t\t\t\t\t\t\n\t\t\t\t\t\t\t\t\t<hr class=\"wp-block-separator has-text-color has-raft-accent-color has-alpha-channel-opacity has-raft-accent-background-color has-background\"\/>\n\t\t\t\t\t\t\t\t\t\n\n\t\t\t\t\t\t\t\t\t\n\t\t\t\t\t\t\t\t\t<div class=\"wp-block-group is-content-justification-space-between is-layout-flex wp-container-7 wp-block-group-is-layout-flex\">\n\t\t\t\t\t\t\t\t\t\t\n\t\t\t\t\t\t\t\t\t\t<p class=\"has-small-font-size\" style=\"font-style:normal;font-weight:600;letter-spacing:2px;text-transform:uppercase\">Sous-titre<\/p>\n\t\t\t\t\t\t\t\t\t\t\n\n\t\t\t\t\t\t\t\t\t\t\n\t\t\t\t\t\t\t\t\t\t<p>Exemple de coordonn\u00e9es de contact<\/p>\n\t\t\t\t\t\t\t\t\t\t\n\t\t\t\t\t\t\t\t\t<\/div>\n\t\t\t\t\t\t\t\t\t\n\n\t\t\t\t\t\t\t\t\t\n\t\t\t\t\t\t\t\t\t<hr class=\"wp-block-separator has-text-color has-raft-accent-color has-alpha-channel-opacity has-raft-accent-background-color has-background\"\/>\n\t\t\t\t\t\t\t\t\t\n\n\t\t\t\t\t\t\t\t\t\n\t\t\t\t\t\t\t\t\t<div class=\"wp-block-group is-content-justification-space-between is-layout-flex wp-container-8 wp-block-group-is-layout-flex\">\n\t\t\t\t\t\t\t\t\t\t\n\t\t\t\t\t\t\t\t\t\t<p class=\"has-small-font-size\" style=\"font-style:normal;font-weight:600;letter-spacing:2px;text-transform:uppercase\">Sous-titre<\/p>\n\t\t\t\t\t\t\t\t\t\t\n\n\t\t\t\t\t\t\t\t\t\t\n\t\t\t\t\t\t\t\t\t\t<p>Exemple de coordonn\u00e9es de contact<\/p>\n\t\t\t\t\t\t\t\t\t\t\n\t\t\t\t\t\t\t\t\t<\/div>\n\t\t\t\t\t\t\t\t\t\n\t\t\t\t\t\t\t\t<\/div>\n\t\t\t\t\t\t\t\t\n\t\t\t\t\t\t\t<\/div>\n\t\t\t\t\t\t\t\n\t\t\t\t\t\t<\/div>\n\t\t\t\t\t\t\n\t\t\t\t\t<\/div>\n\t\t\t\t\t\n\t\t\t\t<\/div>\n\t\t\t\t\n\t\t\t<\/div>\n\t\t\t\n\t\t<\/div>\n\t\t\n\t\n\n        \n        <div class=\"wp-block-group alignfull has-raft-fg-alt-color has-raft-bg-inv-background-color has-text-color has-background is-layout-constrained wp-block-group-is-layout-constrained\" style=\"margin-top:0px;margin-bottom:0px;padding-top:var(--wp--preset--spacing--80);padding-right:var(--wp--preset--spacing--40);padding-bottom:var(--wp--preset--spacing--80);padding-left:var(--wp--preset--spacing--40)\">\n            \n            <div class=\"wp-block-group alignwide is-layout-flow wp-block-group-is-layout-flow\">\n                \n                <div class=\"wp-block-columns is-layout-flex wp-container-20 wp-block-columns-is-layout-flex\">\n                    \n                    <div class=\"wp-block-column is-layout-flow wp-block-column-is-layout-flow\" style=\"flex-basis:30%\">\n                        \n                        <h2 class=\"wp-block-heading\">Voici le titre de la section<\/h2>\n                        \n\n                        \n                        <p>Une courte description de la section<\/p>\n                        \n                    <\/div>\n                    \n\n                    \n                    <div class=\"wp-block-column is-layout-flow wp-block-column-is-layout-flow\" style=\"flex-basis:70%\">\n                        \n                        <figure data-carousel-extra='{\"blog_id\":1,\"permalink\":\"https:\\\/\\\/poulpe-fiction.ch\\\/index.php\\\/page-de-contact\\\/\"}'  class=\"wp-block-gallery has-nested-images columns-default is-cropped wp-block-gallery-17 is-layout-flex wp-block-gallery-is-layout-flex\">\n                            \n                            <figure class=\"wp-block-image size-large\">\n                                <img decoding=\"async\" src=\"https:\/\/poulpe-fiction.ch\/wp-content\/themes\/raft\/assets\/img\/shape-01.svg\" alt=\"\"\/>\n                            <\/figure>\n                            \n\n                            \n                            <figure class=\"wp-block-image size-large\">\n                                <img decoding=\"async\" src=\"https:\/\/poulpe-fiction.ch\/wp-content\/themes\/raft\/assets\/img\/shape-07.svg\" alt=\"\"\/>\n                            <\/figure>\n                            \n\n                            \n                            <figure class=\"wp-block-image size-large\">\n                                <img decoding=\"async\" src=\"https:\/\/poulpe-fiction.ch\/wp-content\/themes\/raft\/assets\/img\/shape-06.svg\" alt=\"\"\/>\n                            <\/figure>\n                            \n\n                            \n                            <figure class=\"wp-block-image size-large\">\n                                <img decoding=\"async\" src=\"https:\/\/poulpe-fiction.ch\/wp-content\/themes\/raft\/assets\/img\/shape-05.svg\" alt=\"\"\/>\n                            <\/figure>\n                            \n\n                            \n                            <figure class=\"wp-block-image size-large\">\n                                <img decoding=\"async\" src=\"https:\/\/poulpe-fiction.ch\/wp-content\/themes\/raft\/assets\/img\/shape-08.svg\" alt=\"\"\/>\n                            <\/figure>\n                            \n                        <\/figure>\n                        \n                    <\/div>\n                    \n                <\/div>\n                \n            <\/div>\n            \n        <\/div>\n        \n    ","protected":false},"excerpt":{"rendered":"<p>Entrez en contact<\/p>\n","protected":false},"author":1,"featured_media":0,"parent":0,"menu_order":0,"comment_status":"closed","ping_status":"closed","template":"template-plain","meta":{"_themeisle_gutenberg_block_has_review":false,"jetpack_post_was_ever_published":false,"footnotes":""},"jetpack_sharing_enabled":true,"jetpack_shortlink":"https:\/\/wp.me\/P94276-6f","jetpack-related-posts":[{"id":12,"url":"https:\/\/poulpe-fiction.ch\/index.php\/contact\/","url_meta":{"origin":387,"position":0},"title":"Contact","author":"admin9166","date":"11 avril 2018","format":false,"excerpt":"Louise Bonsack contact@louisebonsack.ch Lausanne, Suisse www.louisebonsack.ch Suivre toute mon actualit\u00e9: Nom* Email* Message Envoyer Louise Bonsack et les ateliers Poulpe Fiction Avec les ateliers Poulpe Fiction, je partage ma passion pour les mots et la litt\u00e9rature. Tout comme dans mon m\u00e9tier d'enseignante au gymnase, mais un tentacule de folie en\u2026","rel":"","context":"Article similaire","block_context":{"text":"Article similaire","link":""},"img":{"alt_text":"","src":"https:\/\/i0.wp.com\/poulpe-fiction.ch\/wp-content\/uploads\/2024\/10\/portraitLB-scaled.jpg?resize=350%2C200&ssl=1","width":350,"height":200,"srcset":"https:\/\/i0.wp.com\/poulpe-fiction.ch\/wp-content\/uploads\/2024\/10\/portraitLB-scaled.jpg?resize=350%2C200&ssl=1 1x, https:\/\/i0.wp.com\/poulpe-fiction.ch\/wp-content\/uploads\/2024\/10\/portraitLB-scaled.jpg?resize=525%2C300&ssl=1 1.5x, https:\/\/i0.wp.com\/poulpe-fiction.ch\/wp-content\/uploads\/2024\/10\/portraitLB-scaled.jpg?resize=700%2C400&ssl=1 2x, https:\/\/i0.wp.com\/poulpe-fiction.ch\/wp-content\/uploads\/2024\/10\/portraitLB-scaled.jpg?resize=1050%2C600&ssl=1 3x, https:\/\/i0.wp.com\/poulpe-fiction.ch\/wp-content\/uploads\/2024\/10\/portraitLB-scaled.jpg?resize=1400%2C800&ssl=1 4x"},"classes":[]},{"id":2,"url":"https:\/\/poulpe-fiction.ch\/index.php\/ateliers\/","url_meta":{"origin":387,"position":1},"title":"Ateliers d&rsquo;\u00e9criture cr\u00e9ative","author":"admin9166","date":"11 avril 2018","format":false,"excerpt":"Les ateliers d'\u00e9criture Poulpe Fiction font couler de l'encre: jetez-vous \u00e0 l'eau etparticipez \u00e0 l'un de nos ateliers th\u00e9matiques ou demandez un accompagnement sur mesure! Ateliers sur inscription En raison d'ateliers men\u00e9s au sein d'institutions, aucun atelier public n'est pr\u00e9vu actuellement. Les ateliers sur-mesure sont encore disponibles (voir colonne de\u2026","rel":"","context":"Article similaire","block_context":{"text":"Article similaire","link":""},"img":{"alt_text":"","src":"https:\/\/i0.wp.com\/poulpe-fiction.ch\/wp-content\/uploads\/2024\/10\/poulpetampon-final-removebg-preview-2.png?resize=350%2C200&ssl=1","width":350,"height":200},"classes":[]},{"id":87,"url":"https:\/\/poulpe-fiction.ch\/index.php\/en-confinement-ecrivez\/","url_meta":{"origin":387,"position":2},"title":"En confinement? Ecrivez!","author":"admin9166","date":"24 mars 2020","format":false,"excerpt":"Ch\u00e8res et chers ami.e.s de Poulpe Fiction, En cette p\u00e9riode de confinement, certain.e.s d'entre vous ont peut-\u00eatre l'envie et le temps d'\u00e9crire, sans toujours savoir par o\u00f9 commencer. C'est pourquoi je vous propose\u00a0un \"atelier\" \u00e0 distance et informel, avec une s\u00e9lection d'exercices \u00e0 r\u00e9aliser comme bon vous semble. Le principe\u2026","rel":"","context":"Article similaire","block_context":{"text":"Article similaire","link":""},"img":{"alt_text":"","src":"","width":0,"height":0},"classes":[]},{"id":14,"url":"https:\/\/poulpe-fiction.ch\/index.php\/un-apercu\/","url_meta":{"origin":387,"position":3},"title":"Un aper\u00e7u","author":"admin9166","date":"11 avril 2018","format":false,"excerpt":"De nature prudente, vous aimez avoir un aper\u00e7u des profondeurs avant de vous jeter \u00e0 l'eau? Poulpe Fiction vous d\u00e9voile quelques exercices d'\u00e9criture sur lesquels vous pourriez \u00eatre amen\u00e9 \u00e0 tester votre jet d'encre: Chambre d'\u00e9chos: une mise en jambe po\u00e9tique. A voix haute, chacun lit au hasard un vers\u2026","rel":"","context":"Article similaire","block_context":{"text":"Article similaire","link":""},"img":{"alt_text":"","src":"https:\/\/i0.wp.com\/poulpe-fiction.ch\/wp-content\/uploads\/2018\/04\/atelierPF-1024x768.jpg?resize=350%2C200&ssl=1","width":350,"height":200,"srcset":"https:\/\/i0.wp.com\/poulpe-fiction.ch\/wp-content\/uploads\/2018\/04\/atelierPF-1024x768.jpg?resize=350%2C200&ssl=1 1x, https:\/\/i0.wp.com\/poulpe-fiction.ch\/wp-content\/uploads\/2018\/04\/atelierPF-1024x768.jpg?resize=525%2C300&ssl=1 1.5x, https:\/\/i0.wp.com\/poulpe-fiction.ch\/wp-content\/uploads\/2018\/04\/atelierPF-1024x768.jpg?resize=700%2C400&ssl=1 2x"},"classes":[]}],"_links":{"self":[{"href":"https:\/\/poulpe-fiction.ch\/index.php\/wp-json\/wp\/v2\/pages\/387"}],"collection":[{"href":"https:\/\/poulpe-fiction.ch\/index.php\/wp-json\/wp\/v2\/pages"}],"about":[{"href":"https:\/\/poulpe-fiction.ch\/index.php\/wp-json\/wp\/v2\/types\/page"}],"author":[{"embeddable":true,"href":"https:\/\/poulpe-fiction.ch\/index.php\/wp-json\/wp\/v2\/users\/1"}],"replies":[{"embeddable":true,"href":"https:\/\/poulpe-fiction.ch\/index.php\/wp-json\/wp\/v2\/comments?post=387"}],"version-history":[{"count":0,"href":"https:\/\/poulpe-fiction.ch\/index.php\/wp-json\/wp\/v2\/pages\/387\/revisions"}],"wp:attachment":[{"href":"https:\/\/poulpe-fiction.ch\/index.php\/wp-json\/wp\/v2\/media?parent=387"}],"curies":[{"name":"wp","href":"https:\/\/api.w.org\/{rel}","templated":true}]}}