{"id":39,"date":"2018-04-11T15:09:57","date_gmt":"2018-04-11T13:09:57","guid":{"rendered":"http:\/\/poulpe-fiction.ch\/?page_id=39"},"modified":"2024-05-15T10:31:08","modified_gmt":"2024-05-15T08:31:08","slug":"sinscrire","status":"publish","type":"page","link":"http:\/\/poulpe-fiction.ch\/index.php\/sinscrire\/","title":{"rendered":"S&rsquo;inscrire"},"content":{"rendered":"<p>Les inscriptions pour les ateliers de juin sont ouvertes!<\/p>\n\n<div class=\"frm_forms  with_frm_style frm_style_style-formidable\" id=\"frm_form_3_container\" >\n<form enctype=\"multipart\/form-data\" method=\"post\" class=\"frm-show-form \" id=\"form_b7x19\"  >\n<div class=\"frm_form_fields \">\n<fieldset>\n<legend class=\"frm_screen_reader\">S&rsquo;inscrire<\/legend>\r\n\r\n<div class=\"frm_fields_container\">\n<input type=\"hidden\" name=\"frm_action\" value=\"create\" \/>\n<input type=\"hidden\" name=\"form_id\" value=\"3\" \/>\n<input type=\"hidden\" name=\"frm_hide_fields_3\" id=\"frm_hide_fields_3\" value=\"\" \/>\n<input type=\"hidden\" name=\"form_key\" value=\"b7x19\" \/>\n<input type=\"hidden\" name=\"item_meta[0]\" value=\"\" \/>\n<input type=\"hidden\" id=\"frm_submit_entry_3\" name=\"frm_submit_entry_3\" value=\"3927b5e1be\" \/><input type=\"hidden\" name=\"_wp_http_referer\" value=\"\/index.php\/wp-json\/wp\/v2\/pages\/39\" \/><div id=\"frm_field_11_container\" class=\"frm_form_field form-field  frm_required_field frm_top_container\">\r\n    <label for=\"field_3vquv\" class=\"frm_primary_label\">Nom, pr\u00e9nom\r\n        <span class=\"frm_required\">*<\/span>\r\n    <\/label>\r\n    <input type=\"text\" id=\"field_3vquv\" name=\"item_meta[11]\" value=\"\"  data-reqmsg=\"Ce champ ne peut pas \u00eatre vide\" aria-required=\"true\" data-invmsg=\"texte est non valide\" aria-invalid=\"false\"  \/>\r\n    \r\n    \r\n<\/div>\n<div id=\"frm_field_12_container\" class=\"frm_form_field form-field  frm_required_field frm_top_container\">\r\n    <label for=\"field_hzeoc\" class=\"frm_primary_label\">E-mail\r\n        <span class=\"frm_required\">*<\/span>\r\n    <\/label>\r\n    <input type=\"email\" id=\"field_hzeoc\" name=\"item_meta[12]\" value=\"\"  data-reqmsg=\"Ce champ ne peut pas \u00eatre vide\" aria-required=\"true\" data-invmsg=\"E-mail est non valide\" aria-invalid=\"false\"  \/>\r\n    \r\n    \r\n<\/div>\n<div id=\"frm_field_14_container\" class=\"frm_form_field form-field  frm_top_container vertical_radio\">\r\n    <label for=\"field_mw4a1\" class=\"frm_primary_label\">Je souhaite m&rsquo;inscrire \u00e0 l&rsquo;atelier suivant:\r\n        <span class=\"frm_required\"><\/span>\r\n    <\/label>\r\n    <div class=\"frm_opt_container\">\t\t<div class=\"frm_checkbox\" id=\"frm_checkbox_14-1\"><label for=\"field_mw4a1-1\"><input type=\"checkbox\" name=\"item_meta[14][]\" id=\"field_mw4a1-1\" value=\"Ecrits intimes - 2 juin 2024\"  data-invmsg=\"Je souhaite m&#039;inscrire \u00e0 l&#039;atelier suivant: est non valide\" aria-invalid=\"false\"   \/> Ecrits intimes &#8211; 2 juin 2024<\/label><\/div>\n\t\t<div class=\"frm_checkbox\" id=\"frm_checkbox_14-2\"><label for=\"field_mw4a1-2\"><input type=\"checkbox\" name=\"item_meta[14][]\" id=\"field_mw4a1-2\" value=\"Po\u00e9sie - 9 juin 2024\"  data-invmsg=\"Je souhaite m&#039;inscrire \u00e0 l&#039;atelier suivant: est non valide\" aria-invalid=\"false\"   \/> Po\u00e9sie &#8211; 9 juin 2024<\/label><\/div>\n\t\t<div class=\"frm_checkbox\" id=\"frm_checkbox_14-3\"><label for=\"field_mw4a1-3\"><input type=\"checkbox\" name=\"item_meta[14][]\" id=\"field_mw4a1-3\" value=\"Enfance - 16 juin 2024\"  data-invmsg=\"Je souhaite m&#039;inscrire \u00e0 l&#039;atelier suivant: est non valide\" aria-invalid=\"false\"   \/> Enfance &#8211; 16 juin 2024<\/label><\/div>\n<\/div>\r\n    \r\n    \r\n<\/div>\n<div id=\"frm_field_15_container\" class=\"frm_form_field form-field  frm_required_field frm_top_container vertical_radio\">\r\n    <label for=\"field_88awe\" class=\"frm_primary_label\">Etudiant\/AVS:\r\n        <span class=\"frm_required\">*<\/span>\r\n    <\/label>\r\n    <div class=\"frm_opt_container\">\t\t<div class=\"frm_radio\" id=\"frm_radio_15-0\"><label for=\"field_88awe-0\">\t\t<input type=\"radio\" name=\"item_meta[15]\" id=\"field_88awe-0\" value=\"Oui\"\n\t\t   data-reqmsg=\"Ce champ ne peut pas \u00eatre vide\" data-invmsg=\"Etudiant\/AVS: est non valide\" aria-invalid=\"false\"  \/> Oui<\/label><\/div>\n\t\t<div class=\"frm_radio\" id=\"frm_radio_15-1\"><label for=\"field_88awe-1\">\t\t<input type=\"radio\" name=\"item_meta[15]\" id=\"field_88awe-1\" value=\"Non\"\n\t\t   data-reqmsg=\"Ce champ ne peut pas \u00eatre vide\" data-invmsg=\"Etudiant\/AVS: est non valide\" aria-invalid=\"false\"  \/> Non<\/label><\/div>\n<\/div>\r\n    <div class=\"frm_description\" id=\"frm_desc_field_88awe\">Tarif habituel: 50 CHF\/s\u00e9ance de 2h &#8211;\r\nEtudiants\/AVS: 30 CHF\/s\u00e9ance de 2h<\/div>\r\n    \r\n<\/div>\n<div id=\"frm_field_16_container\" class=\"frm_form_field form-field  frm_top_container\">\r\n    <label for=\"field_i1cay\" class=\"frm_primary_label\">Demandes ou remarques\r\n        <span class=\"frm_required\"><\/span>\r\n    <\/label>\r\n    <textarea name=\"item_meta[16]\" id=\"field_i1cay\" rows=\"5\"  data-invmsg=\"Demandes ou remarques est non valide\" aria-invalid=\"false\"  ><\/textarea>\r\n    \r\n    \r\n<\/div>\n\t<input type=\"hidden\" name=\"item_key\" value=\"\" \/>\n\t\t\t\t<div class=\"frm__664472a4487bb\" aria-hidden=\"true\">\n\t\t\t\t<label for=\"frm_email_3\">\n\t\t\t\t\tSi vous \u00eates un humain, ne remplissez pas ce champ.\t\t\t\t<\/label>\n\t\t\t\t<input  id=\"frm_email_3\" type=\"text\" class=\"frm_verify\" name=\"frm__664472a4487bb\" value=\"\" autocomplete=\"false\"  \/>\n\t\t\t<\/div>\n\t\t<div class=\"frm_submit\">\r\n\r\n<button class=\"frm_button_submit\" type=\"submit\"  >Envoyer<\/button>\r\n\r\n<\/div><\/div>\n<\/fieldset>\n<\/div>\n<\/form>\n<\/div>\n","protected":false},"excerpt":{"rendered":"<p>Les inscriptions pour les ateliers de juin sont ouvertes!<\/p>\n","protected":false},"author":1,"featured_media":0,"parent":0,"menu_order":0,"comment_status":"closed","ping_status":"closed","template":"","meta":{"_themeisle_gutenberg_block_has_review":false,"jetpack_post_was_ever_published":false,"footnotes":""},"jetpack_sharing_enabled":true,"jetpack_shortlink":"https:\/\/wp.me\/P94276-D","jetpack-related-posts":[{"id":2,"url":"http:\/\/poulpe-fiction.ch\/index.php\/ateliers\/","url_meta":{"origin":39,"position":0},"title":"Ateliers d&rsquo;\u00e9criture cr\u00e9ative","author":"admin9166","date":"11 avril 2018","format":false,"excerpt":"Les ateliers d'\u00e9criture Poulpe Fiction font couler de l'encre: jetez-vous \u00e0 l'eau etparticipez \u00e0 l'un de nos ateliers th\u00e9matiques ou demandez un accompagnement sur mesure! Ateliers sur inscription En raison d'ateliers men\u00e9s au sein d'institutions, aucun atelier public n'est pr\u00e9vu actuellement. Les ateliers sur-mesure sont encore disponibles (voir colonne de\u2026","rel":"","context":"Article similaire","block_context":{"text":"Article similaire","link":""},"img":{"alt_text":"","src":"https:\/\/i0.wp.com\/poulpe-fiction.ch\/wp-content\/uploads\/2024\/10\/poulpetampon-final-removebg-preview-2.png?resize=350%2C200","width":350,"height":200},"classes":[]},{"id":12,"url":"http:\/\/poulpe-fiction.ch\/index.php\/contact\/","url_meta":{"origin":39,"position":1},"title":"Contact","author":"admin9166","date":"11 avril 2018","format":false,"excerpt":"Louise Bonsack contact@louisebonsack.ch Lausanne, Suisse www.louisebonsack.ch Suivre toute mon actualit\u00e9: Nom* Email* Message Envoyer Louise Bonsack et les ateliers Poulpe Fiction Avec les ateliers Poulpe Fiction, je partage ma passion pour les mots et la litt\u00e9rature. Tout comme dans mon m\u00e9tier d'enseignante au gymnase, mais un tentacule de folie en\u2026","rel":"","context":"Article similaire","block_context":{"text":"Article similaire","link":""},"img":{"alt_text":"","src":"https:\/\/i0.wp.com\/poulpe-fiction.ch\/wp-content\/uploads\/2024\/10\/portraitLB-scaled.jpg?resize=350%2C200","width":350,"height":200,"srcset":"https:\/\/i0.wp.com\/poulpe-fiction.ch\/wp-content\/uploads\/2024\/10\/portraitLB-scaled.jpg?resize=350%2C200 1x, https:\/\/i0.wp.com\/poulpe-fiction.ch\/wp-content\/uploads\/2024\/10\/portraitLB-scaled.jpg?resize=525%2C300 1.5x, https:\/\/i0.wp.com\/poulpe-fiction.ch\/wp-content\/uploads\/2024\/10\/portraitLB-scaled.jpg?resize=700%2C400 2x, https:\/\/i0.wp.com\/poulpe-fiction.ch\/wp-content\/uploads\/2024\/10\/portraitLB-scaled.jpg?resize=1050%2C600 3x, https:\/\/i0.wp.com\/poulpe-fiction.ch\/wp-content\/uploads\/2024\/10\/portraitLB-scaled.jpg?resize=1400%2C800 4x"},"classes":[]},{"id":87,"url":"http:\/\/poulpe-fiction.ch\/index.php\/en-confinement-ecrivez\/","url_meta":{"origin":39,"position":2},"title":"En confinement? Ecrivez!","author":"admin9166","date":"24 mars 2020","format":false,"excerpt":"Ch\u00e8res et chers ami.e.s de Poulpe Fiction, En cette p\u00e9riode de confinement, certain.e.s d'entre vous ont peut-\u00eatre l'envie et le temps d'\u00e9crire, sans toujours savoir par o\u00f9 commencer. C'est pourquoi je vous propose\u00a0un \"atelier\" \u00e0 distance et informel, avec une s\u00e9lection d'exercices \u00e0 r\u00e9aliser comme bon vous semble. Le principe\u2026","rel":"","context":"Article similaire","block_context":{"text":"Article similaire","link":""},"img":{"alt_text":"","src":"","width":0,"height":0},"classes":[]},{"id":14,"url":"http:\/\/poulpe-fiction.ch\/index.php\/un-apercu\/","url_meta":{"origin":39,"position":3},"title":"Un aper\u00e7u","author":"admin9166","date":"11 avril 2018","format":false,"excerpt":"De nature prudente, vous aimez avoir un aper\u00e7u des profondeurs avant de vous jeter \u00e0 l'eau? Poulpe Fiction vous d\u00e9voile quelques exercices d'\u00e9criture sur lesquels vous pourriez \u00eatre amen\u00e9 \u00e0 tester votre jet d'encre: Chambre d'\u00e9chos: une mise en jambe po\u00e9tique. A voix haute, chacun lit au hasard un vers\u2026","rel":"","context":"Article similaire","block_context":{"text":"Article similaire","link":""},"img":{"alt_text":"","src":"https:\/\/i0.wp.com\/poulpe-fiction.ch\/wp-content\/uploads\/2018\/04\/atelierPF-1024x768.jpg?resize=350%2C200","width":350,"height":200,"srcset":"https:\/\/i0.wp.com\/poulpe-fiction.ch\/wp-content\/uploads\/2018\/04\/atelierPF-1024x768.jpg?resize=350%2C200 1x, https:\/\/i0.wp.com\/poulpe-fiction.ch\/wp-content\/uploads\/2018\/04\/atelierPF-1024x768.jpg?resize=525%2C300 1.5x, https:\/\/i0.wp.com\/poulpe-fiction.ch\/wp-content\/uploads\/2018\/04\/atelierPF-1024x768.jpg?resize=700%2C400 2x"},"classes":[]}],"_links":{"self":[{"href":"http:\/\/poulpe-fiction.ch\/index.php\/wp-json\/wp\/v2\/pages\/39"}],"collection":[{"href":"http:\/\/poulpe-fiction.ch\/index.php\/wp-json\/wp\/v2\/pages"}],"about":[{"href":"http:\/\/poulpe-fiction.ch\/index.php\/wp-json\/wp\/v2\/types\/page"}],"author":[{"embeddable":true,"href":"http:\/\/poulpe-fiction.ch\/index.php\/wp-json\/wp\/v2\/users\/1"}],"replies":[{"embeddable":true,"href":"http:\/\/poulpe-fiction.ch\/index.php\/wp-json\/wp\/v2\/comments?post=39"}],"version-history":[{"count":4,"href":"http:\/\/poulpe-fiction.ch\/index.php\/wp-json\/wp\/v2\/pages\/39\/revisions"}],"predecessor-version":[{"id":375,"href":"http:\/\/poulpe-fiction.ch\/index.php\/wp-json\/wp\/v2\/pages\/39\/revisions\/375"}],"wp:attachment":[{"href":"http:\/\/poulpe-fiction.ch\/index.php\/wp-json\/wp\/v2\/media?parent=39"}],"curies":[{"name":"wp","href":"https:\/\/api.w.org\/{rel}","templated":true}]}}