{"id":2,"date":"2018-04-11T14:21:22","date_gmt":"2018-04-11T12:21:22","guid":{"rendered":"http:\/\/poulpe-fiction.ch\/?page_id=2"},"modified":"2025-06-13T12:01:47","modified_gmt":"2025-06-13T10:01:47","slug":"ateliers","status":"publish","type":"page","link":"http:\/\/poulpe-fiction.ch\/index.php\/ateliers\/","title":{"rendered":"Ateliers d&rsquo;\u00e9criture cr\u00e9ative"},"content":{"rendered":"\n<div style=\"height:38px\" aria-hidden=\"true\" class=\"wp-block-spacer\"><\/div>\n\n\n\n<div id=\"wp-block-themeisle-blocks-advanced-columns-a2946a77\" class=\"wp-block-themeisle-blocks-advanced-columns alignfull has-2-columns has-desktop-equal-layout has-tablet-equal-layout has-mobile-collapsedRows-layout has-vertical-center ticss-a2946a77 has-light-bg\"><div class=\"wp-block-themeisle-blocks-advanced-columns-overlay\"><\/div><div class=\"innerblocks-wrap\">\n<div id=\"wp-block-themeisle-blocks-advanced-column-bbddf55b\" class=\"wp-block-themeisle-blocks-advanced-column\">\n<figure class=\"wp-block-image aligncenter size-full\"><img data-attachment-id=\"389\" data-permalink=\"http:\/\/poulpe-fiction.ch\/poulpetampon-final-removebg-preview-2\/\" data-orig-file=\"https:\/\/i0.wp.com\/poulpe-fiction.ch\/wp-content\/uploads\/2024\/10\/poulpetampon-final-removebg-preview-2.png?fit=405%2C406\" data-orig-size=\"405,406\" data-comments-opened=\"0\" data-image-meta=\"{&quot;aperture&quot;:&quot;0&quot;,&quot;credit&quot;:&quot;&quot;,&quot;camera&quot;:&quot;&quot;,&quot;caption&quot;:&quot;&quot;,&quot;created_timestamp&quot;:&quot;0&quot;,&quot;copyright&quot;:&quot;&quot;,&quot;focal_length&quot;:&quot;0&quot;,&quot;iso&quot;:&quot;0&quot;,&quot;shutter_speed&quot;:&quot;0&quot;,&quot;title&quot;:&quot;&quot;,&quot;orientation&quot;:&quot;0&quot;}\" data-image-title=\"poulpetampon-final-removebg-preview-2\" data-image-description=\"\" data-image-caption=\"\" data-medium-file=\"https:\/\/i0.wp.com\/poulpe-fiction.ch\/wp-content\/uploads\/2024\/10\/poulpetampon-final-removebg-preview-2.png?fit=300%2C300\" data-large-file=\"https:\/\/i0.wp.com\/poulpe-fiction.ch\/wp-content\/uploads\/2024\/10\/poulpetampon-final-removebg-preview-2.png?fit=405%2C406\" decoding=\"async\" loading=\"lazy\" width=\"405\" height=\"406\" src=\"https:\/\/i0.wp.com\/poulpe-fiction.ch\/wp-content\/uploads\/2024\/10\/poulpetampon-final-removebg-preview-2.png?resize=405%2C406\" alt=\"\" class=\"wp-image-389\" srcset=\"https:\/\/i0.wp.com\/poulpe-fiction.ch\/wp-content\/uploads\/2024\/10\/poulpetampon-final-removebg-preview-2.png?w=405 405w, https:\/\/i0.wp.com\/poulpe-fiction.ch\/wp-content\/uploads\/2024\/10\/poulpetampon-final-removebg-preview-2.png?resize=300%2C300 300w, https:\/\/i0.wp.com\/poulpe-fiction.ch\/wp-content\/uploads\/2024\/10\/poulpetampon-final-removebg-preview-2.png?resize=150%2C150 150w\" sizes=\"(max-width: 405px) 100vw, 405px\" data-recalc-dims=\"1\" \/><\/figure>\n<\/div>\n\n\n\n<div id=\"wp-block-themeisle-blocks-advanced-column-92b2db05\" class=\"wp-block-themeisle-blocks-advanced-column\">\n<blockquote class=\"wp-block-quote has-medium-font-size\">\n<p class=\"has-raft-fg-color has-text-color\">Les ateliers d&rsquo;\u00e9criture Poulpe Fiction font couler de l&rsquo;encre: jetez-vous \u00e0 l&rsquo;eau et<br>participez \u00e0 l&rsquo;un de nos ateliers th\u00e9matiques ou demandez un accompagnement sur mesure!<\/p>\n<\/blockquote>\n<\/div>\n<\/div><\/div>\n\n\n\n<div style=\"height:38px\" aria-hidden=\"true\" class=\"wp-block-spacer\"><\/div>\n\n\n\n<section id=\"wp-block-themeisle-blocks-advanced-columns-6013fee3\" class=\"wp-block-themeisle-blocks-advanced-columns alignfull has-2-columns has-desktop-equal-layout has-tablet-equal-layout has-mobile-collapsedRows-layout has-vertical-flex-start has-light-bg\"><div class=\"wp-block-themeisle-blocks-advanced-columns-overlay\"><\/div><div class=\"innerblocks-wrap\">\n<div id=\"wp-block-themeisle-blocks-advanced-column-1a42e736\" class=\"wp-block-themeisle-blocks-advanced-column\">\n<h2 class=\"wp-block-heading has-text-align-center\">Ateliers sur inscription<\/h2>\n\n\n\n<div class=\"wp-block-group is-layout-constrained wp-block-group-is-layout-constrained\">\n<p class=\"has-small-font-size\">En raison d&rsquo;ateliers men\u00e9s au sein d&rsquo;institutions, aucun atelier public n&rsquo;est pr\u00e9vu actuellement. Les ateliers sur-mesure sont encore disponibles (voir colonne de droite).<\/p>\n\n\n\n<h4 class=\"wp-block-heading has-text-align-center has-14-font-size\"><strong>Atelier semestriel<\/strong><\/h4>\n\n\n\n<p>Un atelier hebdomadaire en petit groupe pour travailler l\u2019\u00e9criture de mani\u00e8re approfondie et mener \u00e0 bien un projet litt\u00e9raire (nouvelle, recueil, roman, t\u00e9moignage\u2026). <\/p>\n<\/div>\n\n\n\n<div style=\"height:35px\" aria-hidden=\"true\" class=\"wp-block-spacer\"><\/div>\n\n\n\n<h4 class=\"wp-block-heading has-text-align-center has-14-font-size\"><strong>Ateliers th\u00e9matiques<\/strong><\/h4>\n\n\n\n<p class=\"has-text-align-left has-text-color has-link-color wp-elements-92213b7b792a6094e222e4121d43203c\" style=\"color:#2e3433\">En trois ou quatre rencontres, l\u2019occasion de se lancer dans l\u2019\u00e9criture, d\u2019explorer son style et son imaginaire, de travailler un genre litt\u00e9raire ou un th\u00e8me et de d\u00e9couvrir les cr\u00e9ations des autres participant\u00b7e\u00b7s.<\/p>\n\n\n\n<p><\/p>\n<\/div>\n\n\n\n<div id=\"wp-block-themeisle-blocks-advanced-column-ea6d1956\" class=\"wp-block-themeisle-blocks-advanced-column\">\n<h2 class=\"wp-block-heading has-text-align-center\">Ateliers sur-mesure<\/h2>\n\n\n\n<div style=\"height:16px\" aria-hidden=\"true\" class=\"wp-block-spacer\"><\/div>\n\n\n\n<div class=\"wp-block-group is-layout-constrained wp-block-group-is-layout-constrained\">\n<h4 class=\"wp-block-heading has-text-align-center has-14-font-size\"><strong>Accompagnement individuel ou en groupe<\/strong><\/h4>\n\n\n\n<p>Nouvelle, roman, pi\u00e8ce de th\u00e9\u00e2tre ou lettre d\u2019amour, Poulpe Fiction vous accompagne de la recherche d\u2019id\u00e9e \u00e0 la publication d\u2019un texte.<\/p>\n\n\n\n<p class=\"has-small-font-size\">Tarifs, horaires et lieu \u00e0 pr\u00e9ciser selon la demande.<\/p>\n\n\n\n<div style=\"height:76px\" aria-hidden=\"true\" class=\"wp-block-spacer\"><\/div>\n<\/div>\n\n\n\n<div class=\"wp-block-group is-layout-constrained wp-block-group-is-layout-constrained\">\n<h4 class=\"wp-block-heading has-text-align-center has-14-font-size\"><strong>Atelier cr\u00e9ativit\u00e9<\/strong><\/h4>\n\n\n\n<p>Travail sur l\u2019imaginaire personnel pour d\u00e9couvrir les th\u00e8mes et les techniques d\u2019expression propres \u00e0 chacun.<br>Cet atelier peut se d\u00e9cliner en plusieurs variantes, par exemple pour une animation de <em>team building<\/em> ou pour un travail de recherche sur un projet personnel.<\/p>\n\n\n\n<p class=\"has-small-font-size\">Tarifs, horaires et lieu \u00e0 pr\u00e9ciser selon la demande.<\/p>\n\n\n\n<div style=\"height:78px\" aria-hidden=\"true\" class=\"wp-block-spacer\"><\/div>\n<\/div>\n\n\n\n<div class=\"wp-block-group is-layout-constrained wp-block-group-is-layout-constrained\">\n<h4 class=\"wp-block-heading has-text-align-center has-14-font-size\"><strong>Atelier <\/strong>t\u00e9moignage<\/h4>\n\n\n\n<p>Atelier individuel ou en groupe pour partager son exp\u00e9rience par l\u2019\u00e9criture de m\u00e9moires ou d\u2019un t\u00e9moignage.<\/p>\n\n\n\n<p class=\"has-small-font-size\">Tarifs, horaires et lieu \u00e0 pr\u00e9ciser selon la demande.<\/p>\n\n\n\n<div style=\"height:35px\" aria-hidden=\"true\" class=\"wp-block-spacer\"><\/div>\n<\/div>\n<\/div>\n<\/div><\/section>\n\n\n\n<div id=\"wp-block-themeisle-blocks-advanced-columns-71ceb612\" class=\"wp-block-themeisle-blocks-advanced-columns has-1-columns has-desktop-equal-layout has-tablet-equal-layout has-mobile-equal-layout has-vertical-unset\"><div class=\"wp-block-themeisle-blocks-advanced-columns-overlay\"><\/div><div class=\"innerblocks-wrap\">\n<div id=\"wp-block-themeisle-blocks-advanced-column-c98ed37b\" class=\"wp-block-themeisle-blocks-advanced-column has-dark-bg\">\n<div id=\"wp-block-themeisle-blocks-advanced-columns-5a2d6108\" class=\"wp-block-themeisle-blocks-advanced-columns has-2-columns has-desktop-equal-layout has-tablet-equal-layout has-mobile-collapsedRows-layout has-vertical-unset\"><div class=\"wp-block-themeisle-blocks-advanced-columns-overlay\"><\/div><div class=\"innerblocks-wrap\">\n<div id=\"wp-block-themeisle-blocks-advanced-column-f84a15da\" class=\"wp-block-themeisle-blocks-advanced-column\">\n<h3 class=\"wp-block-heading has-text-align-right\">Prenez contact pour vous inscrire ou demander un atelier sur-mesure!<\/h3>\n<\/div>\n\n\n\n<div id=\"wp-block-themeisle-blocks-advanced-column-909f85ce\" class=\"wp-block-themeisle-blocks-advanced-column\">\n<div id=\"wp-block-themeisle-blocks-font-awesome-icons-9a237803\" class=\"wp-block-themeisle-blocks-font-awesome-icons\"><span class=\"wp-block-themeisle-blocks-font-awesome-icons-container\"><i class=\"fas fa-arrow-down\"><\/i><\/span><\/div>\n<\/div>\n<\/div><\/div>\n<\/div>\n<\/div><\/div>\n","protected":false},"excerpt":{"rendered":"","protected":false},"author":1,"featured_media":0,"parent":0,"menu_order":0,"comment_status":"closed","ping_status":"closed","template":"","meta":{"_themeisle_gutenberg_block_has_review":false,"jetpack_post_was_ever_published":false,"footnotes":""},"jetpack_sharing_enabled":true,"jetpack_shortlink":"https:\/\/wp.me\/P94276-2","jetpack-related-posts":[{"id":12,"url":"http:\/\/poulpe-fiction.ch\/index.php\/contact\/","url_meta":{"origin":2,"position":0},"title":"Contact","author":"admin9166","date":"11 avril 2018","format":false,"excerpt":"Louise Bonsack contact@louisebonsack.ch Lausanne, Suisse www.louisebonsack.ch Suivre toute mon actualit\u00e9: Nom* Email* Message Envoyer Louise Bonsack et les ateliers Poulpe Fiction Avec les ateliers Poulpe Fiction, je partage ma passion pour les mots et la litt\u00e9rature. Tout comme dans mon m\u00e9tier d'enseignante au gymnase, mais un tentacule de folie en\u2026","rel":"","context":"Article similaire","block_context":{"text":"Article similaire","link":""},"img":{"alt_text":"","src":"https:\/\/i0.wp.com\/poulpe-fiction.ch\/wp-content\/uploads\/2024\/10\/portraitLB-scaled.jpg?resize=350%2C200","width":350,"height":200,"srcset":"https:\/\/i0.wp.com\/poulpe-fiction.ch\/wp-content\/uploads\/2024\/10\/portraitLB-scaled.jpg?resize=350%2C200 1x, https:\/\/i0.wp.com\/poulpe-fiction.ch\/wp-content\/uploads\/2024\/10\/portraitLB-scaled.jpg?resize=525%2C300 1.5x, https:\/\/i0.wp.com\/poulpe-fiction.ch\/wp-content\/uploads\/2024\/10\/portraitLB-scaled.jpg?resize=700%2C400 2x, https:\/\/i0.wp.com\/poulpe-fiction.ch\/wp-content\/uploads\/2024\/10\/portraitLB-scaled.jpg?resize=1050%2C600 3x, https:\/\/i0.wp.com\/poulpe-fiction.ch\/wp-content\/uploads\/2024\/10\/portraitLB-scaled.jpg?resize=1400%2C800 4x"},"classes":[]},{"id":14,"url":"http:\/\/poulpe-fiction.ch\/index.php\/un-apercu\/","url_meta":{"origin":2,"position":1},"title":"Un aper\u00e7u","author":"admin9166","date":"11 avril 2018","format":false,"excerpt":"De nature prudente, vous aimez avoir un aper\u00e7u des profondeurs avant de vous jeter \u00e0 l'eau? Poulpe Fiction vous d\u00e9voile quelques exercices d'\u00e9criture sur lesquels vous pourriez \u00eatre amen\u00e9 \u00e0 tester votre jet d'encre: Chambre d'\u00e9chos: une mise en jambe po\u00e9tique. A voix haute, chacun lit au hasard un vers\u2026","rel":"","context":"Article similaire","block_context":{"text":"Article similaire","link":""},"img":{"alt_text":"","src":"https:\/\/i0.wp.com\/poulpe-fiction.ch\/wp-content\/uploads\/2018\/04\/atelierPF-1024x768.jpg?resize=350%2C200","width":350,"height":200,"srcset":"https:\/\/i0.wp.com\/poulpe-fiction.ch\/wp-content\/uploads\/2018\/04\/atelierPF-1024x768.jpg?resize=350%2C200 1x, https:\/\/i0.wp.com\/poulpe-fiction.ch\/wp-content\/uploads\/2018\/04\/atelierPF-1024x768.jpg?resize=525%2C300 1.5x, https:\/\/i0.wp.com\/poulpe-fiction.ch\/wp-content\/uploads\/2018\/04\/atelierPF-1024x768.jpg?resize=700%2C400 2x"},"classes":[]},{"id":39,"url":"http:\/\/poulpe-fiction.ch\/index.php\/sinscrire\/","url_meta":{"origin":2,"position":2},"title":"S&rsquo;inscrire","author":"admin9166","date":"11 avril 2018","format":false,"excerpt":"Les inscriptions pour les ateliers de juin sont ouvertes!","rel":"","context":"Article similaire","block_context":{"text":"Article similaire","link":""},"img":{"alt_text":"","src":"","width":0,"height":0},"classes":[]},{"id":87,"url":"http:\/\/poulpe-fiction.ch\/index.php\/en-confinement-ecrivez\/","url_meta":{"origin":2,"position":3},"title":"En confinement? Ecrivez!","author":"admin9166","date":"24 mars 2020","format":false,"excerpt":"Ch\u00e8res et chers ami.e.s de Poulpe Fiction, En cette p\u00e9riode de confinement, certain.e.s d'entre vous ont peut-\u00eatre l'envie et le temps d'\u00e9crire, sans toujours savoir par o\u00f9 commencer. C'est pourquoi je vous propose\u00a0un \"atelier\" \u00e0 distance et informel, avec une s\u00e9lection d'exercices \u00e0 r\u00e9aliser comme bon vous semble. Le principe\u2026","rel":"","context":"Article similaire","block_context":{"text":"Article similaire","link":""},"img":{"alt_text":"","src":"","width":0,"height":0},"classes":[]}],"_links":{"self":[{"href":"http:\/\/poulpe-fiction.ch\/index.php\/wp-json\/wp\/v2\/pages\/2"}],"collection":[{"href":"http:\/\/poulpe-fiction.ch\/index.php\/wp-json\/wp\/v2\/pages"}],"about":[{"href":"http:\/\/poulpe-fiction.ch\/index.php\/wp-json\/wp\/v2\/types\/page"}],"author":[{"embeddable":true,"href":"http:\/\/poulpe-fiction.ch\/index.php\/wp-json\/wp\/v2\/users\/1"}],"replies":[{"embeddable":true,"href":"http:\/\/poulpe-fiction.ch\/index.php\/wp-json\/wp\/v2\/comments?post=2"}],"version-history":[{"count":30,"href":"http:\/\/poulpe-fiction.ch\/index.php\/wp-json\/wp\/v2\/pages\/2\/revisions"}],"predecessor-version":[{"id":457,"href":"http:\/\/poulpe-fiction.ch\/index.php\/wp-json\/wp\/v2\/pages\/2\/revisions\/457"}],"wp:attachment":[{"href":"http:\/\/poulpe-fiction.ch\/index.php\/wp-json\/wp\/v2\/media?parent=2"}],"curies":[{"name":"wp","href":"https:\/\/api.w.org\/{rel}","templated":true}]}}