{"id":14,"date":"2018-04-11T14:42:28","date_gmt":"2018-04-11T12:42:28","guid":{"rendered":"http:\/\/poulpe-fiction.ch\/?page_id=14"},"modified":"2024-10-17T12:28:14","modified_gmt":"2024-10-17T10:28:14","slug":"un-apercu","status":"publish","type":"page","link":"http:\/\/poulpe-fiction.ch\/index.php\/un-apercu\/","title":{"rendered":"Un aper\u00e7u"},"content":{"rendered":"\n<section id=\"wp-block-themeisle-blocks-advanced-columns-a5663609\" class=\"wp-block-themeisle-blocks-advanced-columns alignfull has-1-columns has-desktop-equal-layout has-tablet-equal-layout has-mobile-equal-layout has-vertical-flex-start has-light-bg\"><div class=\"wp-block-themeisle-blocks-advanced-columns-overlay\"><\/div><div class=\"innerblocks-wrap\">\n<div id=\"wp-block-themeisle-blocks-advanced-column-4c4fd106\" class=\"wp-block-themeisle-blocks-advanced-column\">\n<section id=\"wp-block-themeisle-blocks-advanced-columns-fd016a8d\" class=\"wp-block-themeisle-blocks-advanced-columns has-2-columns has-desktop-equal-layout has-tablet-equal-layout has-mobile-collapsedRows-layout has-vertical-flex-start\"><div class=\"wp-block-themeisle-blocks-advanced-columns-overlay\"><\/div><div class=\"innerblocks-wrap\">\n<div id=\"wp-block-themeisle-blocks-advanced-column-313f8391\" class=\"wp-block-themeisle-blocks-advanced-column\">\n<h1 class=\"wp-block-heading has-text-align-right has-text-color has-link-color has-large-font-size wp-elements-56bf664a3fe16996c10268478c4ccb35\" style=\"color:#080808;margin-right:var(--wp--preset--spacing--80);margin-left:var(--wp--preset--spacing--80)\">De nature prudente, vous aimez avoir un aper\u00e7u des profondeurs avant de vous jeter \u00e0 l&rsquo;eau? <\/h1>\n<\/div>\n\n\n\n<div id=\"wp-block-themeisle-blocks-advanced-column-b373954b\" class=\"wp-block-themeisle-blocks-advanced-column\">\n<p style=\"margin-top:var(--wp--preset--spacing--80);margin-right:var(--wp--preset--spacing--60);margin-bottom:var(--wp--preset--spacing--80);margin-left:var(--wp--preset--spacing--60)\">Poulpe Fiction vous d\u00e9voile quelques exercices d&rsquo;\u00e9criture sur lesquels vous pourriez \u00eatre amen\u00e9 \u00e0 tester votre jet d&rsquo;encre:<\/p>\n<\/div>\n<\/div><\/section>\n\n\n\n<section id=\"wp-block-themeisle-blocks-advanced-columns-0eb219a1\" class=\"wp-block-themeisle-blocks-advanced-columns has-3-columns has-desktop-equal-layout has-tablet-equal-layout has-mobile-collapsedRows-layout has-vertical-flex-start\"><div class=\"wp-block-themeisle-blocks-advanced-columns-overlay\"><\/div><div class=\"innerblocks-wrap\">\n<div id=\"wp-block-themeisle-blocks-advanced-column-dce98669\" class=\"wp-block-themeisle-blocks-advanced-column\">\n<div id=\"wp-block-themeisle-blocks-font-awesome-icons-502de6ef\" class=\"wp-block-themeisle-blocks-font-awesome-icons\"><span class=\"wp-block-themeisle-blocks-font-awesome-icons-container\"><i class=\"fas fa-cloud\"><\/i><\/span><\/div>\n\n\n\n<h4 class=\"wp-block-heading has-text-align-center has-text-color has-link-color wp-elements-f07a57ff8a1e009a75c553e4769e0a00\" style=\"color:#080808\">Chambre d&rsquo;\u00e9chos:<\/h4>\n\n\n\n<p class=\"has-text-align-center has-text-color has-link-color wp-elements-b0da87821a30540e9e8c38ade67f0e90\" style=\"color:#080808\">une mise en jambe po\u00e9tique. A voix haute, chacun lit au hasard un vers tir\u00e9 d&rsquo;un recueil po\u00e9tique, puis une bribe de vers, jusqu&rsquo;\u00e0 la cr\u00e9ation spontan\u00e9e d&rsquo;un nouveau po\u00e8me collectif.<\/p>\n<\/div>\n\n\n\n<div id=\"wp-block-themeisle-blocks-advanced-column-840de2b2\" class=\"wp-block-themeisle-blocks-advanced-column\">\n<div id=\"wp-block-themeisle-blocks-font-awesome-icons-2c9fc007\" class=\"wp-block-themeisle-blocks-font-awesome-icons\"><span class=\"wp-block-themeisle-blocks-font-awesome-icons-container\"><i class=\"fas fa-eye\"><\/i><\/span><\/div>\n\n\n\n<h4 class=\"wp-block-heading has-text-align-center has-text-color has-link-color wp-elements-7b1510f6a0085d9abac6be8ba295d6b5\" style=\"color:#080808\">Le reflet:<\/h4>\n\n\n\n<p class=\"has-text-align-center has-text-color has-link-color wp-elements-6629d6645ef20a8bd01adc5c6c8b74bf\" style=\"color:#080808\">et si vous vous rencontriez vous-m\u00eame? Trouvez votre reflet (dans un vitre, une flaque, l&rsquo;oeil de votre voisin) et d\u00e9crivez cette personne que vous connaissez bien&#8230; ou si peu?<\/p>\n<\/div>\n\n\n\n<div id=\"wp-block-themeisle-blocks-advanced-column-2e2d3255\" class=\"wp-block-themeisle-blocks-advanced-column\">\n<div id=\"wp-block-themeisle-blocks-font-awesome-icons-ceabc6e2\" class=\"wp-block-themeisle-blocks-font-awesome-icons\"><span class=\"wp-block-themeisle-blocks-font-awesome-icons-container\"><i class=\"fas fa-bookmark\"><\/i><\/span><\/div>\n\n\n\n<h4 class=\"wp-block-heading has-text-align-center has-text-color has-link-color wp-elements-332b3b50a5f2abaeda4528000a63e396\" style=\"color:#080808\">Extrapolations narratives:<\/h4>\n\n\n\n<p class=\"has-text-align-center has-text-color has-link-color wp-elements-a565badc5e9a47ef419b4385a2af9a82\" style=\"color:#080808\">prenez un livre que vous n&rsquo;avez pas lu dans votre biblioth\u00e8que, tournez les pages au hasard et piochez une phrase ou un court extrait de texte. Extrapolez un r\u00e9cit \u00e0 partir de cette bribe myst\u00e9rieuse!<\/p>\n<\/div>\n<\/div><\/section>\n<\/div>\n<\/div><\/section>\n\n\n\n<div id=\"wp-block-themeisle-blocks-advanced-columns-35825447\" class=\"wp-block-themeisle-blocks-advanced-columns alignfull has-2-columns has-desktop-equal-layout has-tablet-equal-layout has-mobile-collapsedRows-layout has-vertical-center ticss-c00aadba has-light-bg\"><div class=\"wp-block-themeisle-blocks-advanced-columns-overlay\"><\/div><div class=\"innerblocks-wrap\">\n<div id=\"wp-block-themeisle-blocks-advanced-column-fedc9d47\" class=\"wp-block-themeisle-blocks-advanced-column\">\n<figure class=\"wp-block-image size-large is-resized\"><img data-attachment-id=\"16\" data-permalink=\"http:\/\/poulpe-fiction.ch\/index.php\/un-apercu\/atelierpf-1024x768\/\" data-orig-file=\"https:\/\/i0.wp.com\/poulpe-fiction.ch\/wp-content\/uploads\/2018\/04\/atelierPF-1024x768.jpg?fit=1024%2C768\" data-orig-size=\"1024,768\" data-comments-opened=\"0\" data-image-meta=\"{&quot;aperture&quot;:&quot;0&quot;,&quot;credit&quot;:&quot;&quot;,&quot;camera&quot;:&quot;&quot;,&quot;caption&quot;:&quot;&quot;,&quot;created_timestamp&quot;:&quot;0&quot;,&quot;copyright&quot;:&quot;&quot;,&quot;focal_length&quot;:&quot;0&quot;,&quot;iso&quot;:&quot;0&quot;,&quot;shutter_speed&quot;:&quot;0&quot;,&quot;title&quot;:&quot;&quot;,&quot;orientation&quot;:&quot;0&quot;}\" data-image-title=\"atelierPF-1024&#215;768\" data-image-description=\"\" data-image-caption=\"\" data-medium-file=\"https:\/\/i0.wp.com\/poulpe-fiction.ch\/wp-content\/uploads\/2018\/04\/atelierPF-1024x768.jpg?fit=300%2C225\" data-large-file=\"https:\/\/i0.wp.com\/poulpe-fiction.ch\/wp-content\/uploads\/2018\/04\/atelierPF-1024x768.jpg?fit=1024%2C768\" decoding=\"async\" loading=\"lazy\" width=\"1024\" height=\"768\" src=\"https:\/\/i0.wp.com\/poulpe-fiction.ch\/wp-content\/uploads\/2018\/04\/atelierPF-1024x768-1024x768.jpg?resize=1024%2C768\" alt=\"\" class=\"wp-image-16\" style=\"aspect-ratio:1.3333333333333333;width:528px;height:auto\" srcset=\"https:\/\/i0.wp.com\/poulpe-fiction.ch\/wp-content\/uploads\/2018\/04\/atelierPF-1024x768.jpg?resize=1024%2C768 1024w, https:\/\/i0.wp.com\/poulpe-fiction.ch\/wp-content\/uploads\/2018\/04\/atelierPF-1024x768.jpg?resize=300%2C225 300w, https:\/\/i0.wp.com\/poulpe-fiction.ch\/wp-content\/uploads\/2018\/04\/atelierPF-1024x768.jpg?resize=768%2C576 768w, https:\/\/i0.wp.com\/poulpe-fiction.ch\/wp-content\/uploads\/2018\/04\/atelierPF-1024x768.jpg?resize=750%2C563 750w\" sizes=\"(max-width: 1000px) 100vw, 1000px\" data-recalc-dims=\"1\" \/><\/figure>\n<\/div>\n\n\n\n<div id=\"wp-block-themeisle-blocks-advanced-column-ed1b12ac\" class=\"wp-block-themeisle-blocks-advanced-column\">\n<h2 id=\"wp-block-themeisle-blocks-advanced-heading-8f3ca166\" class=\"wp-block-themeisle-blocks-advanced-heading wp-block-themeisle-blocks-advanced-heading-8f3ca166\"><strong>Explorer l&rsquo;oc\u00e9an des lettres, d&rsquo;accord, mais pour quel r\u00e9sultat? <\/strong><\/h2>\n\n\n\n<p>Du ha\u00efku \u00e0 la nouvelle, chaque participant \u00e0 un atelier Poulpe Fiction repart avec plusieurs textes. Certaines des ces productions formeront autant d&rsquo;amorces pour de futurs romans, d&rsquo;autres auront \u00e9t\u00e9 r\u00e9\u00e9crits et finalis\u00e9s au cours de l&rsquo;atelier (en vue d&rsquo;une publication?), d&rsquo;autres encore resteront \u00e0 l&rsquo;\u00e9tat de bribe, liste ou jeu surr\u00e9aliste dans le seul but de nourrir votre imaginaire. C&rsquo;est donc le carnet (ou l&rsquo;ordinateur) bien rempli et l&rsquo;esprit plein d&rsquo;id\u00e9es que vous quitterez l&rsquo;atelier!<\/p>\n\n\n\n<div style=\"height:10px\" aria-hidden=\"true\" class=\"wp-block-spacer\"><\/div>\n<\/div>\n<\/div><\/div>\n\n\n\n<div class=\"wp-block-buttons is-content-justification-center is-layout-flex wp-container-1 wp-block-buttons-is-layout-flex\">\n<div class=\"wp-block-button\"><a class=\"wp-block-button__link wp-element-button\" href=\"http:\/\/poulpe-fiction.ch\/index.php\/2020\/06\/11\/la-philosophie\/\">La philosophie Poulpe Fiction<\/a><\/div>\n\n\n\n<div class=\"wp-block-button\"><a class=\"wp-block-button__link wp-element-button\" href=\"http:\/\/poulpe-fiction.ch\/index.php\/ateliers\/\">Les ateliers<\/a><\/div>\n<\/div>\n","protected":false},"excerpt":{"rendered":"","protected":false},"author":1,"featured_media":0,"parent":0,"menu_order":0,"comment_status":"closed","ping_status":"closed","template":"","meta":{"_themeisle_gutenberg_block_has_review":false,"jetpack_post_was_ever_published":false,"footnotes":""},"jetpack_sharing_enabled":true,"jetpack_shortlink":"https:\/\/wp.me\/P94276-e","jetpack-related-posts":[],"_links":{"self":[{"href":"http:\/\/poulpe-fiction.ch\/index.php\/wp-json\/wp\/v2\/pages\/14"}],"collection":[{"href":"http:\/\/poulpe-fiction.ch\/index.php\/wp-json\/wp\/v2\/pages"}],"about":[{"href":"http:\/\/poulpe-fiction.ch\/index.php\/wp-json\/wp\/v2\/types\/page"}],"author":[{"embeddable":true,"href":"http:\/\/poulpe-fiction.ch\/index.php\/wp-json\/wp\/v2\/users\/1"}],"replies":[{"embeddable":true,"href":"http:\/\/poulpe-fiction.ch\/index.php\/wp-json\/wp\/v2\/comments?post=14"}],"version-history":[{"count":11,"href":"http:\/\/poulpe-fiction.ch\/index.php\/wp-json\/wp\/v2\/pages\/14\/revisions"}],"predecessor-version":[{"id":442,"href":"http:\/\/poulpe-fiction.ch\/index.php\/wp-json\/wp\/v2\/pages\/14\/revisions\/442"}],"wp:attachment":[{"href":"http:\/\/poulpe-fiction.ch\/index.php\/wp-json\/wp\/v2\/media?parent=14"}],"curies":[{"name":"wp","href":"https:\/\/api.w.org\/{rel}","templated":true}]}}